{"id":954,"date":"2016-07-15T14:19:56","date_gmt":"2016-07-15T11:19:56","guid":{"rendered":"http:\/\/test.kriesi.at\/enfold-medical\/?page_id=954"},"modified":"2018-06-04T11:57:36","modified_gmt":"2018-06-04T08:57:36","slug":"iletisim","status":"publish","type":"page","link":"https:\/\/d.demirbagmakina.com\/?page_id=954","title":{"rendered":"ileti\u015fim"},"content":{"rendered":"<div  class='av_gmaps_sc_main_wrap av_gmaps_main_wrap '><div id='av_gmap_0' class='avia-google-map-container avia-google-map-sc av_gmaps_show_unconditionally av-no-fallback-img ' data-mapid='av_gmap_0'  style='height: 500px;'><a class=\"av_gmaps_browser_disabled av_text_confirm_link av_text_confirm_link_visible\" href=\"https:\/\/www.google.com\/maps\/search\/?api=1&#038;query=Organize%20Sanayi%20Sitesi%20\u2013%20Kadosan%20Sanayi%20Sitesi%20Yukar\u0131%20Dudullu%20F%20blok%20No:1%20%20istanbul%20%20T\u00fcrkiye\" target=\"_blank\" rel=\"noopener\">Maps were disabled by the visitor on this site. Click to open the map in a new window.<\/a><\/div><\/div>\n<div id='av-layout-grid-1'  class='av-layout-grid-container av-av_layout_row-8b19f5a87408912de0131b21887249b2 entry-content-wrapper main_color av-fixed-cells  avia-builder-el-1  el_after_av_google_map  el_before_av_section  grid-row-not-first  container_wrap sidebar_right'  >\n\n<style type=\"text\/css\" data-created_by=\"avia_inline_auto\" id=\"style-css-av-av_cell_one_half-473ef6f03ca21d43c7b5e6acdb61c946\">\n.flex_cell.av-av_cell_one_half-473ef6f03ca21d43c7b5e6acdb61c946{\nvertical-align:top;\nbackground-color:#2388c2;\n}\n.responsive #top #wrap_all .flex_cell.av-av_cell_one_half-473ef6f03ca21d43c7b5e6acdb61c946{\npadding:9px 0px 0px 0px !important;\n}\n<\/style>\n<div class='flex_cell av-av_cell_one_half-473ef6f03ca21d43c7b5e6acdb61c946 av-gridrow-cell av_one_half no_margin  avia-builder-el-2  el_before_av_cell_one_half  avia-builder-el-first ' ><div class='flex_cell_inner'><\/div><\/div>\n<style type=\"text\/css\" data-created_by=\"avia_inline_auto\" id=\"style-css-av-av_cell_one_half-a301fb3b57145a55b0a7aad46c018414\">\n.flex_cell.av-av_cell_one_half-a301fb3b57145a55b0a7aad46c018414{\nvertical-align:top;\nbackground-color:#5fb4e4;\n}\n.responsive #top #wrap_all .flex_cell.av-av_cell_one_half-a301fb3b57145a55b0a7aad46c018414{\npadding:9px 0px 0px 0px !important;\n}\n<\/style>\n<div class='flex_cell av-av_cell_one_half-a301fb3b57145a55b0a7aad46c018414 av-gridrow-cell av_one_half no_margin  avia-builder-el-3  el_after_av_cell_one_half  avia-builder-el-last ' ><div class='flex_cell_inner'><\/div><\/div>\n<\/div>\n<div id='av_section_1'  class='avia-section av-av_section-f3b48af71b91bf2a61ae5e24c0e5ddd8 main_color avia-section-huge avia-no-border-styling  avia-builder-el-4  el_after_av_layout_row  avia-builder-el-last  avia-bg-style-scroll container_wrap sidebar_right'  ><div class='container av-section-cont-open' ><div class='template-page content  av-content-small alpha units'><div class='post-entry post-entry-type-page post-entry-954'><div class='entry-content-wrapper clearfix'>\n<div class='flex_column_table av-av_one_third-e3e429ebfee9270bacd07d39407b38be sc-av_one_third av-equal-height-column-flextable'>\n<style type=\"text\/css\" data-created_by=\"avia_inline_auto\" id=\"style-css-av-av_one_third-e3e429ebfee9270bacd07d39407b38be\">\n#top .flex_column_table.av-equal-height-column-flextable.av-av_one_third-e3e429ebfee9270bacd07d39407b38be{\nmargin-top:-200px;\nmargin-bottom:0px;\n}\n.flex_column.av-av_one_third-e3e429ebfee9270bacd07d39407b38be{\n-webkit-border-radius:0px 0px 0px 0px;\n-moz-border-radius:0px 0px 0px 0px;\nborder-radius:0px 0px 0px 0px;\npadding:40px 40px 40px 40px;\n}\n<\/style>\n<div class='flex_column av-av_one_third-e3e429ebfee9270bacd07d39407b38be av_one_third  avia-builder-el-5  el_before_av_one_third  avia-builder-el-first  first no_margin flex_column_table_cell av-equal-height-column av-align-top '     ><\/div>\n<style type=\"text\/css\" data-created_by=\"avia_inline_auto\" id=\"style-css-av-av_one_third-fd24c32d759c3e290fe78efab639a8d9\">\n#top .flex_column_table.av-equal-height-column-flextable.av-av_one_third-fd24c32d759c3e290fe78efab639a8d9{\nmargin-top:-200px;\nmargin-bottom:0px;\n}\n.flex_column.av-av_one_third-fd24c32d759c3e290fe78efab639a8d9{\n-webkit-border-radius:0px 0px 0px 0px;\n-moz-border-radius:0px 0px 0px 0px;\nborder-radius:0px 0px 0px 0px;\npadding:40px 40px 40px 40px;\nbackground-color:#379cd6;\n}\n<\/style>\n<div class='flex_column av-av_one_third-fd24c32d759c3e290fe78efab639a8d9 av_one_third  avia-builder-el-6  el_after_av_one_third  el_before_av_one_third  no_margin flex_column_table_cell av-equal-height-column av-align-top '     ><p>\n<style type=\"text\/css\" data-created_by=\"avia_inline_auto\" id=\"style-css-av-av_font_icon-7c74e0c146c9dc5f9f72c82bf707640c\">\n.av_font_icon.av-av_font_icon-7c74e0c146c9dc5f9f72c82bf707640c{\ncolor:#ffffff;\nborder-color:#ffffff;\n}\n.av_font_icon.av-av_font_icon-7c74e0c146c9dc5f9f72c82bf707640c .av-icon-char{\nfont-size:60px;\nline-height:60px;\n}\n<\/style>\n<span  class='av_font_icon av-av_font_icon-7c74e0c146c9dc5f9f72c82bf707640c avia_animate_when_visible av-icon-style- avia-icon-pos-center avia-icon-animate'><span class='av-icon-char' aria-hidden='true' data-av_icon='\ue83c' data-av_iconfont='entypo-fontello' ><\/span><\/span><br \/>\n\n<style type=\"text\/css\" data-created_by=\"avia_inline_auto\" id=\"style-css-av-av_hr-a6de236e6c183bbbd700292deacd2b52\">\n#top .hr.hr-invisible.av-av_hr-a6de236e6c183bbbd700292deacd2b52{\nheight:20px;\n}\n<\/style>\n<div  class='hr av-av_hr-a6de236e6c183bbbd700292deacd2b52 hr-invisible  avia-builder-el-8  el_after_av_font_icon  el_before_av_textblock '><span class='hr-inner '><span class=\"hr-inner-style\"><\/span><\/span><\/div><br \/>\n\n<style type=\"text\/css\" data-created_by=\"avia_inline_auto\" id=\"style-css-av-av_textblock-0b24277fcb3157fd54563c4417ea17f7\">\n#top .av_textblock_section.av-av_textblock-0b24277fcb3157fd54563c4417ea17f7 .avia_textblock{\ncolor:#ffffff;\n}\n<\/style>\n<section  class='av_textblock_section av-av_textblock-0b24277fcb3157fd54563c4417ea17f7'  itemscope=\"itemscope\" itemtype=\"https:\/\/schema.org\/CreativeWork\" ><div class='avia_textblock av_inherit_color'  itemprop=\"text\" ><h4 style=\"text-align: center;\">\u0130leti\u015fim<\/h4>\n<p style=\"text-align: center;\">Bizimle ileti\u015fime ge\u00e7mekten \u00e7ekinmeyin.<\/p>\n<\/div><\/section><br \/>\n\n<style type=\"text\/css\" data-created_by=\"avia_inline_auto\" id=\"style-css-av-av_hr-363f03e0f6fc39b6eb684173f77e503c\">\n#top .hr.hr-invisible.av-av_hr-363f03e0f6fc39b6eb684173f77e503c{\nheight:8px;\n}\n<\/style>\n<div  class='hr av-av_hr-363f03e0f6fc39b6eb684173f77e503c hr-invisible  avia-builder-el-10  el_after_av_textblock  avia-builder-el-last '><span class='hr-inner '><span class=\"hr-inner-style\"><\/span><\/span><\/div><\/p><\/div>\n<style type=\"text\/css\" data-created_by=\"avia_inline_auto\" id=\"style-css-av-av_one_third-406fa21bad26a717d411eb98aac61e48\">\n#top .flex_column_table.av-equal-height-column-flextable.av-av_one_third-406fa21bad26a717d411eb98aac61e48{\nmargin-top:-200px;\nmargin-bottom:0px;\n}\n.flex_column.av-av_one_third-406fa21bad26a717d411eb98aac61e48{\n-webkit-border-radius:0px 0px 0px 0px;\n-moz-border-radius:0px 0px 0px 0px;\nborder-radius:0px 0px 0px 0px;\npadding:40px 40px 40px 40px;\n}\n<\/style>\n<div class='flex_column av-av_one_third-406fa21bad26a717d411eb98aac61e48 av_one_third  avia-builder-el-11  el_after_av_one_third  el_before_av_one_half  no_margin flex_column_table_cell av-equal-height-column av-align-top '     ><\/div><\/div><!--close column table wrapper. Autoclose: 1 -->\n<style type=\"text\/css\" data-created_by=\"avia_inline_auto\" id=\"style-css-av-av_one_half-d71a51a707c4656b37c9afbbd6138215\">\n.flex_column.av-av_one_half-d71a51a707c4656b37c9afbbd6138215{\n-webkit-border-radius:0px 0px 0px 0px;\n-moz-border-radius:0px 0px 0px 0px;\nborder-radius:0px 0px 0px 0px;\npadding:0px 0px 0px 0px;\n}\n<\/style>\n<div class='flex_column av-av_one_half-d71a51a707c4656b37c9afbbd6138215 av_one_half  avia-builder-el-12  el_after_av_one_third  el_before_av_one_half  first flex_column_div av-animated-generic bottom-to-top av-zero-column-padding column-top-margin'     ><p>\n<style type=\"text\/css\" data-created_by=\"avia_inline_auto\" id=\"style-css-av-av_heading-9c20e422c56abe2cb56a7e61bbfa0b28\">\n#top .av-special-heading.av-av_heading-9c20e422c56abe2cb56a7e61bbfa0b28{\npadding-bottom:20px;\nfont-size:34px;\n}\nbody .av-special-heading.av-av_heading-9c20e422c56abe2cb56a7e61bbfa0b28 .av-special-heading-tag .heading-char{\nfont-size:25px;\n}\n#top #wrap_all .av-special-heading.av-av_heading-9c20e422c56abe2cb56a7e61bbfa0b28 .av-special-heading-tag{\nfont-size:34px;\n}\n.av-special-heading.av-av_heading-9c20e422c56abe2cb56a7e61bbfa0b28 .av-subheading{\nfont-size:15px;\n}\n\n@media only screen and (min-width: 480px) and (max-width: 767px){ \n#top #wrap_all .av-special-heading.av-av_heading-9c20e422c56abe2cb56a7e61bbfa0b28 .av-special-heading-tag{\nfont-size:0.8em;\n}\n}\n\n@media only screen and (max-width: 479px){ \n#top #wrap_all .av-special-heading.av-av_heading-9c20e422c56abe2cb56a7e61bbfa0b28 .av-special-heading-tag{\nfont-size:0.8em;\n}\n}\n<\/style>\n<div  class='av-special-heading av-av_heading-9c20e422c56abe2cb56a7e61bbfa0b28 av-special-heading-h3 blockquote modern-quote  avia-builder-el-13  el_before_av_contact  avia-builder-el-first  av-inherit-size'><div class='av-subheading av-subheading_above'><p>Ar\u0131zal\u0131 cihazlar\u0131n\u0131z i\u00e7in buradan tamir talebi olu\u015fturabilirsiniz.<\/p>\n<\/div><h3 class='av-special-heading-tag'  itemprop=\"headline\"  >Tamir Talebi<\/h3><div class=\"special-heading-border\"><div class=\"special-heading-inner-border\"><\/div><\/div><\/div><br \/>\n<form action=\"https:\/\/d.demirbagmakina.com\/?page_id=954\" method=\"post\"  class=\"avia_ajax_form av-form-labels-hidden   avia-builder-el-14  el_after_av_heading  avia-builder-el-last   \" data-avia-form-id=\"1\" data-avia-redirect='' ><fieldset><p class='  first_form  form_element form_element_half' id='element_avia_1_1'><label for=\"avia_1_1\">Ad\u0131n\u0131z <abbr class=\"required\" title=\"Zorunlu\">*<\/abbr><\/label> <input name=\"avia_1_1\" class=\"text_input is_empty\" type=\"text\" id=\"avia_1_1\" value=\"\"  placeholder='Ad\u0131n\u0131z*'\/><\/p><p class='  form_element form_element_half' id='element_avia_2_1'><label for=\"avia_2_1\">Telefonu Numaran\u0131z <abbr class=\"required\" title=\"Zorunlu\">*<\/abbr><\/label> <input name=\"avia_2_1\" class=\"text_input is_empty\" type=\"text\" id=\"avia_2_1\" value=\"\"  placeholder='Telefonu Numaran\u0131z*'\/><\/p><p class='  first_form  form_element form_fullwidth' id='element_avia_3_1'><label for=\"avia_3_1\">Cihaz Markas\u0131 <abbr class=\"required\" title=\"Zorunlu\">*<\/abbr><\/label> <input name=\"avia_3_1\" class=\"text_input is_empty\" type=\"text\" id=\"avia_3_1\" value=\"\"  placeholder='Cihaz Markas\u0131*'\/><\/p><p class='  first_form  form_element form_fullwidth' id='element_avia_4_1'><label for=\"avia_4_1\">Cihaz Modeli <abbr class=\"required\" title=\"Zorunlu\">*<\/abbr><\/label> <input name=\"avia_4_1\" class=\"text_input is_empty\" type=\"text\" id=\"avia_4_1\" value=\"\"  placeholder='Cihaz Modeli*'\/><\/p><p class='  first_form  form_element form_fullwidth' id='element_avia_5_1'><label for=\"avia_5_1\">G\u00f6nderim Tarihi<\/label> <input name=\"avia_5_1\" class=\"avia_datepicker text_input \" type=\"text\" id=\"avia_5_1\" value=\"\" placeholder=\"G\u00f6nderim Tarihi\" \/><\/p><p class='  first_form  form_element form_fullwidth av-last-visible-form-element' id='element_avia_6_1'><label for=\"avia_6_1\" class=\"textare_label hidden textare_label_avia_6_1\">Talep ve \u015eikayeteriniz <abbr class=\"required\" title=\"Zorunlu\">*<\/abbr><\/label><textarea  placeholder='Talep ve \u015eikayeteriniz*' name=\"avia_6_1\" class=\"text_area is_empty\" cols=\"40\" rows=\"7\" id=\"avia_6_1\" ><\/textarea><\/p><p class=\"hidden\"><input type=\"text\" name=\"avia_7_1\" class=\"hidden \" id=\"avia_7_1\" value=\"\" \/><\/p><p class=\"form_element \"><input type=\"hidden\" value=\"1\" name=\"avia_generated_form1\" \/><input type=\"submit\" value=\"G\u00f6nder\" class=\"button\"  data-sending-label=\"G\u00f6nderiliyor\"\/><\/p><\/fieldset><\/form><div id=\"ajaxresponse_1\" class=\"ajaxresponse ajaxresponse_1 hidden\"><\/div><\/p><\/div>\n<style type=\"text\/css\" data-created_by=\"avia_inline_auto\" id=\"style-css-av-av_one_half-93bea18e2ccb60552a17080633244dec\">\n.flex_column.av-av_one_half-93bea18e2ccb60552a17080633244dec{\n-webkit-border-radius:0px 0px 0px 0px;\n-moz-border-radius:0px 0px 0px 0px;\nborder-radius:0px 0px 0px 0px;\npadding:0px 0px 0px 0px;\n}\n<\/style>\n<div class='flex_column av-av_one_half-93bea18e2ccb60552a17080633244dec av_one_half  avia-builder-el-15  el_after_av_one_half  avia-builder-el-last  flex_column_div av-animated-generic bottom-to-top av-zero-column-padding column-top-margin'     ><p>\n<style type=\"text\/css\" data-created_by=\"avia_inline_auto\" id=\"style-css-av-av_heading-9e1980f58b3caae63ed38acc8ff28927\">\n#top .av-special-heading.av-av_heading-9e1980f58b3caae63ed38acc8ff28927{\npadding-bottom:20px;\nfont-size:34px;\n}\nbody .av-special-heading.av-av_heading-9e1980f58b3caae63ed38acc8ff28927 .av-special-heading-tag .heading-char{\nfont-size:25px;\n}\n#top #wrap_all .av-special-heading.av-av_heading-9e1980f58b3caae63ed38acc8ff28927 .av-special-heading-tag{\nfont-size:34px;\n}\n.av-special-heading.av-av_heading-9e1980f58b3caae63ed38acc8ff28927 .av-subheading{\nfont-size:15px;\n}\n\n@media only screen and (min-width: 480px) and (max-width: 767px){ \n#top #wrap_all .av-special-heading.av-av_heading-9e1980f58b3caae63ed38acc8ff28927 .av-special-heading-tag{\nfont-size:0.8em;\n}\n}\n\n@media only screen and (max-width: 479px){ \n#top #wrap_all .av-special-heading.av-av_heading-9e1980f58b3caae63ed38acc8ff28927 .av-special-heading-tag{\nfont-size:0.8em;\n}\n}\n<\/style>\n<div  class='av-special-heading av-av_heading-9e1980f58b3caae63ed38acc8ff28927 av-special-heading-h3 blockquote modern-quote  avia-builder-el-16  el_before_av_textblock  avia-builder-el-first  av-inherit-size'><div class='av-subheading av-subheading_above'><p>Daha H\u0131zl\u0131 ileti\u015fim i\u00e7in<\/p>\n<\/div><h3 class='av-special-heading-tag'  itemprop=\"headline\"  >Bize Ula\u015f\u0131n<\/h3><div class=\"special-heading-border\"><div class=\"special-heading-inner-border\"><\/div><\/div><\/div><br \/>\n<section  class='av_textblock_section av-av_textblock-396ddf1f42196ca838231e61a4602801'  itemscope=\"itemscope\" itemtype=\"https:\/\/schema.org\/CreativeWork\" ><div class='avia_textblock'  itemprop=\"text\" ><p><b>Adres:<br \/>\n<\/b>Organize Sanayi Sitesi &#8211; Kadosan Sanayi Sitesi<br \/>\nYukar\u0131 Dudullu F blok No:1<\/p>\n<p><strong>Telefon:<br \/>\n<\/strong>+90 541 516 48 67<br \/>\n+90 532 236 05 40<\/p>\n<h1><\/h1>\n<\/div><\/section><\/p><\/div><\/div><\/div><\/div><!-- close content main div --><\/div><\/div><div id='after_section_1'  class='main_color av_default_container_wrap container_wrap sidebar_right'  ><div class='container av-section-cont-open' ><div class='template-page content  av-content-small alpha units'><div class='post-entry post-entry-type-page post-entry-954'><div class='entry-content-wrapper clearfix'>\n","protected":false},"excerpt":{"rendered":"","protected":false},"author":1,"featured_media":0,"parent":0,"menu_order":0,"comment_status":"closed","ping_status":"closed","template":"","meta":{"footnotes":""},"class_list":["post-954","page","type-page","status-publish","hentry"],"_links":{"self":[{"href":"https:\/\/d.demirbagmakina.com\/index.php?rest_route=\/wp\/v2\/pages\/954","targetHints":{"allow":["GET"]}}],"collection":[{"href":"https:\/\/d.demirbagmakina.com\/index.php?rest_route=\/wp\/v2\/pages"}],"about":[{"href":"https:\/\/d.demirbagmakina.com\/index.php?rest_route=\/wp\/v2\/types\/page"}],"author":[{"embeddable":true,"href":"https:\/\/d.demirbagmakina.com\/index.php?rest_route=\/wp\/v2\/users\/1"}],"replies":[{"embeddable":true,"href":"https:\/\/d.demirbagmakina.com\/index.php?rest_route=%2Fwp%2Fv2%2Fcomments&post=954"}],"version-history":[{"count":25,"href":"https:\/\/d.demirbagmakina.com\/index.php?rest_route=\/wp\/v2\/pages\/954\/revisions"}],"predecessor-version":[{"id":1532,"href":"https:\/\/d.demirbagmakina.com\/index.php?rest_route=\/wp\/v2\/pages\/954\/revisions\/1532"}],"wp:attachment":[{"href":"https:\/\/d.demirbagmakina.com\/index.php?rest_route=%2Fwp%2Fv2%2Fmedia&parent=954"}],"curies":[{"name":"wp","href":"https:\/\/api.w.org\/{rel}","templated":true}]}}